{"id":17,"date":"2024-08-14T14:12:02","date_gmt":"2024-08-14T11:12:02","guid":{"rendered":"https:\/\/yavuzsigorta.com\/?page_id=17"},"modified":"2024-08-14T14:31:59","modified_gmt":"2024-08-14T11:31:59","slug":"hizmetlerimiz","status":"publish","type":"page","link":"https:\/\/yavuzsigorta.com\/index.php\/hizmetlerimiz\/","title":{"rendered":"Hizmetlerimiz"},"content":{"rendered":"\n<details class=\"wp-block-details is-layout-flow wp-block-details-is-layout-flow\"><summary>Trafik Sigortas\u0131<\/summary>\n<p>Zorunlu ara\u00e7 sigortas\u0131 ya da trafik sigortas\u0131, az \u00f6nce de belirtmi\u015f oldu\u011fumuz gibi\u00a0<strong>ara\u00e7 sahibinin maddi ve manevi beklentilerine de\u011fil, kar\u015f\u0131 taraf\u0131n hasarlar\u0131na odaklanan ve bunlar\u0131 g\u00fcvence alt\u0131na alan bir sigorta \u00fcr\u00fcn\u00fcd\u00fcr<\/strong>.<\/p>\n<\/details>\n\n\n\n<details class=\"wp-block-details is-layout-flow wp-block-details-is-layout-flow\"><summary>Kasko<\/summary>\n<p><strong>Herhangi bir motorlu kara ta\u015f\u0131t\u0131n\u0131n sigortal\u0131n\u0131n iradesi d\u0131\u015f\u0131nda hasara u\u011framas\u0131, yanmas\u0131, \u00e7al\u0131nmas\u0131 gibi durumlarda ve ferdi kay\u0131plarda sigortal\u0131ya tazminat \u00f6denmesi i\u00e7in yap\u0131l\u0131r<\/strong>. Kasko; trafik sigortas\u0131n\u0131n aksine kar\u015f\u0131 ara\u00e7taki hasar\u0131 de\u011fil, sigortal\u0131ya ait ara\u00e7taki hasar\u0131 teminat alt\u0131na al\u0131r.<\/p>\n<\/details>\n\n\n\n<details class=\"wp-block-details is-layout-flow wp-block-details-is-layout-flow\"><summary>Konut Sigortas\u0131<\/summary>\n<p>Konut Sigortas\u0131 ile ister ev sahibi olun ister kirac\u0131,\u00a0e\u015fyalar\u0131n\u0131zda ve evinizde olu\u015fabilecek hasarlar\u0131 teminat alt\u0131na alabilirsiniz. Evinizde meydana gelen h\u0131rs\u0131zl\u0131ktan, su basmas\u0131na; elektronik aletlerin bozulmas\u0131ndan, yer kaymas\u0131na kadar m\u00fcdahale edemeyece\u011finiz durumlar\u0131 sigortalayabilirsiniz.<\/p>\n<\/details>\n\n\n\n<details class=\"wp-block-details is-layout-flow wp-block-details-is-layout-flow\"><summary>DASK<\/summary>\n<p>Zorunlu Deprem Sigortas\u0131,\u00a0<strong>ya\u015fad\u0131\u011f\u0131n\u0131z binada depremin meydana getirdi\u011fi maddi zararlar\u0131 kar\u015f\u0131lamaya y\u00f6nelik bir teminat sistemidir<\/strong>. Bu sayede ya\u015fam\u0131n deprem \u00f6ncesindeki temel standartlar\u0131nda devam edebilmesi ama\u00e7lan\u0131r.<\/p>\n<\/details>\n\n\n\n<p class=\"has-text-align-center\">Daha fazlas\u0131 i\u00e7in bizi ziyaret edebilirsiniz!<\/p>\n\n\n\n<p><\/p>\n","protected":false},"excerpt":{"rendered":"<p>Daha fazlas\u0131 i\u00e7in bizi ziyaret edebilirsiniz!<\/p>\n","protected":false},"author":1,"featured_media":0,"parent":0,"menu_order":0,"comment_status":"closed","ping_status":"closed","template":"","meta":{"footnotes":""},"class_list":["post-17","page","type-page","status-publish","hentry"],"_links":{"self":[{"href":"https:\/\/yavuzsigorta.com\/index.php\/wp-json\/wp\/v2\/pages\/17","targetHints":{"allow":["GET"]}}],"collection":[{"href":"https:\/\/yavuzsigorta.com\/index.php\/wp-json\/wp\/v2\/pages"}],"about":[{"href":"https:\/\/yavuzsigorta.com\/index.php\/wp-json\/wp\/v2\/types\/page"}],"author":[{"embeddable":true,"href":"https:\/\/yavuzsigorta.com\/index.php\/wp-json\/wp\/v2\/users\/1"}],"replies":[{"embeddable":true,"href":"https:\/\/yavuzsigorta.com\/index.php\/wp-json\/wp\/v2\/comments?post=17"}],"version-history":[{"count":5,"href":"https:\/\/yavuzsigorta.com\/index.php\/wp-json\/wp\/v2\/pages\/17\/revisions"}],"predecessor-version":[{"id":30,"href":"https:\/\/yavuzsigorta.com\/index.php\/wp-json\/wp\/v2\/pages\/17\/revisions\/30"}],"wp:attachment":[{"href":"https:\/\/yavuzsigorta.com\/index.php\/wp-json\/wp\/v2\/media?parent=17"}],"curies":[{"name":"wp","href":"https:\/\/api.w.org\/{rel}","templated":true}]}}